{"id":2598,"date":"2021-03-08T06:06:08","date_gmt":"2021-03-08T06:06:08","guid":{"rendered":"https:\/\/chawkbazar.redq.io\/?page_id=2598"},"modified":"2025-04-22T15:40:20","modified_gmt":"2025-04-22T20:40:20","slug":"preguntas-frecuentes","status":"publish","type":"page","link":"http:\/\/richardparis.org\/es\/preguntas-frecuentes\/","title":{"rendered":"Preguntas frecuentes"},"content":{"rendered":"<div data-elementor-type=\"wp-page\" data-elementor-id=\"2598\" class=\"elementor elementor-2598\" data-elementor-post-type=\"page\">\n\t\t\t\t\t\t<section class=\"elementor-section elementor-top-section elementor-element elementor-element-524dfdb elementor-section-full_width elementor-section-height-default elementor-section-height-default\" data-id=\"524dfdb\" data-element_type=\"section\">\n\t\t\t\t\t\t<div class=\"elementor-container elementor-column-gap-no\">\n\t\t\t\t\t<div class=\"elementor-column elementor-col-100 elementor-top-column elementor-element elementor-element-20c678c\" data-id=\"20c678c\" data-element_type=\"column\">\n\t\t\t<div class=\"elementor-widget-wrap elementor-element-populated\">\n\t\t\t\t\t\t<div class=\"elementor-element elementor-element-7c16fa6 elementor-widget elementor-widget-cbh_page_banner\" data-id=\"7c16fa6\" data-element_type=\"widget\" data-widget_type=\"cbh_page_banner.default\">\n\t\t\t\t<div class=\"elementor-widget-container\">\n\t\t\t\t\t        <div class=\"chawkbazar-banner-type-page min-h-[240px] sm:min-h-300px xl:min-h-400px p-8 flex flex-col items-center justify-center relative\">\n            <div class=\"chawkbazar-page-title-content text-center z-10\">\n                <div class=\"container mx-auto\">\n                    <span class=\"chawkbazar-banner-sub-title block mb-4 text-white font-satisfy text-lg\"><\/span>\n                    <h1 id=\"faq\" class=\"chawkbazar-banner-title text-2xl lg:text-3xl text-white mb-0\">Preguntas frecuentes<\/h1>\n                <\/div>\n            <\/div>\n        <\/div>\n            <script>\n            (function($) {\n                'use strict';\n\n                $(function() {\n                    $('.elementor-widget-cbh_page_banner').parents('.elementor-section-full_width').addClass('cbh_page_banner');\n                });\n            }(jQuery));\n        <\/script>\n\t\t\t\t<\/div>\n\t\t\t\t<\/div>\n\t\t\t\t\t<\/div>\n\t\t<\/div>\n\t\t\t\t\t<\/div>\n\t\t<\/section>\n\t\t\t\t<section class=\"elementor-section elementor-top-section elementor-element elementor-element-dbfa5dd elementor-section-boxed elementor-section-height-default elementor-section-height-default\" data-id=\"dbfa5dd\" data-element_type=\"section\">\n\t\t\t\t\t\t<div class=\"elementor-container elementor-column-gap-no\">\n\t\t\t\t\t<div class=\"elementor-column elementor-col-100 elementor-top-column elementor-element elementor-element-986f280\" data-id=\"986f280\" data-element_type=\"column\">\n\t\t\t<div class=\"elementor-widget-wrap elementor-element-populated\">\n\t\t\t\t\t\t<div class=\"elementor-element elementor-element-d478ef2 elementor-widget elementor-widget-cbh_faq\" data-id=\"d478ef2\" data-element_type=\"widget\" data-widget_type=\"cbh_faq.default\">\n\t\t\t\t<div class=\"elementor-widget-container\">\n\t\t\t\t\t\n        <div class=\"chawkbazar-faq-accordion-wraper\">\n                                                <h2 id=\"1-does-the-price-include-the-chain-bracelet-or-keychain\" class=\"chawkbazar-faq-accordion-title\">1. \u00bfEl precio incluye la cadena, pulsera o llavero?<\/h2>\n                                                    <div class=\"chawkbazar-faq-accordion-content\">\n                        <p class=\"\" data-start=\"46\" data-end=\"276\">Algunos de nuestros productos incluyen una cadena, pulsera o llavero gratis. Esto se indica claramente en la descripci\u00f3n del producto. Si no se menciona, no est\u00e1 incluido.<\/p>                    <\/div>\n                                                                <h2 id=\"2-can-i-personalize-my-order-with-a-name-or-message\" class=\"chawkbazar-faq-accordion-title\">2. \u00bfPuedo personalizar mi pedido con un nombre o mensaje?<\/h2>\n                                                    <div class=\"chawkbazar-faq-accordion-content\">\n                        <p>\u00a1S\u00ed! Muchos de nuestros art\u00edculos ofrecen grabado de nombre gratuito. Si el producto permite personalizaci\u00f3n, ver\u00e1 la descripci\u00f3n como &quot;Grabado de nombre gratuito&quot;.<\/p>                    <\/div>\n                                                                <h2 id=\"3-what-material-are-the-products-made-of\" class=\"chawkbazar-faq-accordion-title\">3. \u00bfDe qu\u00e9 material est\u00e1n hechos los productos?<\/h2>\n                                                    <div class=\"chawkbazar-faq-accordion-content\">\n                        <p>Nuestros art\u00edculos est\u00e1n hechos principalmente de acero inoxidable, lo que los hace duraderos, resistentes a la oxidaci\u00f3n e ideales para el uso diario.<\/p>                    <\/div>\n                                                                <h2 id=\"4-is-shipping-included-in-the-price\" class=\"chawkbazar-faq-accordion-title\">4. \u00bfEl env\u00edo est\u00e1 incluido en el precio?<\/h2>\n                                                    <div class=\"chawkbazar-faq-accordion-content\">\n                        <p class=\"\" data-start=\"679\" data-end=\"843\">No. Los gastos de env\u00edo se calculan al finalizar la compra seg\u00fan tu ubicaci\u00f3n. Ofrecemos env\u00edos nacionales e internacionales.<\/p>                    <\/div>\n                                    <\/div>\n\t\t\t\t<\/div>\n\t\t\t\t<\/div>\n\t\t\t\t\t<\/div>\n\t\t<\/div>\n\t\t\t\t\t<\/div>\n\t\t<\/section>\n\t\t\t\t<\/div>","protected":false},"excerpt":{"rendered":"","protected":false},"author":1,"featured_media":0,"parent":0,"menu_order":6,"comment_status":"closed","ping_status":"closed","template":"elementor_header_footer","meta":{"_joinchat":[],"footnotes":""},"class_list":["post-2598","page","type-page","status-publish","hentry"],"_links":{"self":[{"href":"http:\/\/richardparis.org\/es\/wp-json\/wp\/v2\/pages\/2598","targetHints":{"allow":["GET"]}}],"collection":[{"href":"http:\/\/richardparis.org\/es\/wp-json\/wp\/v2\/pages"}],"about":[{"href":"http:\/\/richardparis.org\/es\/wp-json\/wp\/v2\/types\/page"}],"author":[{"embeddable":true,"href":"http:\/\/richardparis.org\/es\/wp-json\/wp\/v2\/users\/1"}],"replies":[{"embeddable":true,"href":"http:\/\/richardparis.org\/es\/wp-json\/wp\/v2\/comments?post=2598"}],"version-history":[{"count":0,"href":"http:\/\/richardparis.org\/es\/wp-json\/wp\/v2\/pages\/2598\/revisions"}],"wp:attachment":[{"href":"http:\/\/richardparis.org\/es\/wp-json\/wp\/v2\/media?parent=2598"}],"curies":[{"name":"wp","href":"https:\/\/api.w.org\/{rel}","templated":true}]}}