{"id":2604,"date":"2021-03-08T06:08:35","date_gmt":"2021-03-08T06:08:35","guid":{"rendered":"https:\/\/chawkbazar.redq.io\/?page_id=2604"},"modified":"2025-04-22T15:48:03","modified_gmt":"2025-04-22T20:48:03","slug":"politica-de-privacidad","status":"publish","type":"page","link":"http:\/\/richardparis.org\/es\/politica-de-privacidad\/","title":{"rendered":"pol\u00edtica de privacidad"},"content":{"rendered":"<div data-elementor-type=\"wp-page\" data-elementor-id=\"2604\" class=\"elementor elementor-2604\" data-elementor-post-type=\"page\">\n\t\t\t\t\t\t<section class=\"elementor-section elementor-top-section elementor-element elementor-element-87b0bd0 elementor-section-full_width elementor-section-height-default elementor-section-height-default\" data-id=\"87b0bd0\" data-element_type=\"section\">\n\t\t\t\t\t\t<div class=\"elementor-container elementor-column-gap-no\">\n\t\t\t\t\t<div class=\"elementor-column elementor-col-100 elementor-top-column elementor-element elementor-element-aa165ad\" data-id=\"aa165ad\" data-element_type=\"column\">\n\t\t\t<div class=\"elementor-widget-wrap elementor-element-populated\">\n\t\t\t\t\t\t<div class=\"elementor-element elementor-element-e60ce49 elementor-widget elementor-widget-cbh_page_banner\" data-id=\"e60ce49\" data-element_type=\"widget\" data-widget_type=\"cbh_page_banner.default\">\n\t\t\t\t<div class=\"elementor-widget-container\">\n\t\t\t\t\t        <div class=\"chawkbazar-banner-type-page min-h-[240px] sm:min-h-300px xl:min-h-400px p-8 flex flex-col items-center justify-center relative\">\n            <div class=\"chawkbazar-page-title-content text-center z-10\">\n                <div class=\"container mx-auto\">\n                    <span class=\"chawkbazar-banner-sub-title block mb-4 text-white font-satisfy text-lg\"><\/span>\n                    <h1 id=\"privacy-policy\" class=\"chawkbazar-banner-title text-2xl lg:text-3xl text-white mb-0\">pol\u00edtica de privacidad<\/h1>\n                <\/div>\n            <\/div>\n        <\/div>\n            <script>\n            (function($) {\n                'use strict';\n\n                $(function() {\n                    $('.elementor-widget-cbh_page_banner').parents('.elementor-section-full_width').addClass('cbh_page_banner');\n                });\n            }(jQuery));\n        <\/script>\n\t\t\t\t<\/div>\n\t\t\t\t<\/div>\n\t\t\t\t\t<\/div>\n\t\t<\/div>\n\t\t\t\t\t<\/div>\n\t\t<\/section>\n\t\t\t\t<section class=\"elementor-section elementor-top-section elementor-element elementor-element-49f065f elementor-section-boxed elementor-section-height-default elementor-section-height-default\" data-id=\"49f065f\" data-element_type=\"section\">\n\t\t\t\t\t\t<div class=\"elementor-container elementor-column-gap-default\">\n\t\t\t\t\t<div class=\"elementor-column elementor-col-100 elementor-top-column elementor-element elementor-element-c2696c0\" data-id=\"c2696c0\" data-element_type=\"column\">\n\t\t\t<div class=\"elementor-widget-wrap elementor-element-populated\">\n\t\t\t\t\t\t<div class=\"elementor-element elementor-element-015aa91 elementor-widget elementor-widget-cbh_privacy_policy\" data-id=\"015aa91\" data-element_type=\"widget\" data-widget_type=\"cbh_privacy_policy.default\">\n\t\t\t\t<div class=\"elementor-widget-container\">\n\t\t\t\t\t        <div class=\"grid grid-cols-12 gap-4\">\n            <div class=\"col-span-12 md:col-span-4 sm:col-span-12\">\n                <div class=\"chawkbazar_sticky_wraper_outer\">\n                    <div class=\"chawkbazar_sticky_wraper_inner\">\n                        <ul class=\"chawkbazar-privacy-policy-title-wraper\">\n                                                                                                <li class=\"active\" data-id=\"privacy_policy__0_015aa91\">\n                                        00 Pol\u00edtica de privacidad                                    <\/li>\n                                                                                                                                <li class=\"\" data-id=\"privacy_policy__1_015aa91\">\n                                        01 Informaci\u00f3n que recopilamos                                    <\/li>\n                                                                                                                                <li class=\"\" data-id=\"privacy_policy__2_015aa91\">\n                                        02 C\u00f3mo usamos su informaci\u00f3n                                    <\/li>\n                                                                                                                                <li class=\"\" data-id=\"privacy_policy__3_015aa91\">\n                                        03 Seguridad de la informaci\u00f3n                                    <\/li>\n                                                                                                                                <li class=\"\" data-id=\"privacy_policy__4_015aa91\">\n                                        04 Galletas                                    <\/li>\n                                                                                                                                <li class=\"\" data-id=\"privacy_policy__5_015aa91\">\n                                        05 Sus derechos                                    <\/li>\n                                                                                                                                <li class=\"\" data-id=\"privacy_policy__6_015aa91\">\n                                        06 Cambios a esta pol\u00edtica                                    <\/li>\n                                                                                    <\/ul>\n                    <\/div>\n                <\/div>\n            <\/div>\n            <div class=\"col-span-12 md:col-span-8 sm:col-span-12\">\n                <div class=\"chawkbazar-privacy-policy-content-wraper\">\n                                            <div class=\"chawkbazar-privacy-policy-content-single\" id=\"privacy_policy__0_015aa91\">\n                                                            <h2 id=\"privacy-policy-2\" class=\"chawkbazar-privacy-policy-title\">pol\u00edtica de privacidad<\/h2>\n                                                                                        <p>En <strong data-start=\"139\" data-end=\"156\">Richard Par\u00eds<\/strong>Nos comprometemos a proteger su informaci\u00f3n personal. Al usar nuestro sitio web, usted acepta las pr\u00e1cticas descritas en esta pol\u00edtica.<\/p>                                                    <\/div>\n                                            <div class=\"chawkbazar-privacy-policy-content-single\" id=\"privacy_policy__1_015aa91\">\n                                                            <h2 id=\"information-we-collect\" class=\"chawkbazar-privacy-policy-title\">Informaci\u00f3n que recopilamos<\/h2>\n                                                                                        <p class=\"\" data-start=\"327\" data-end=\"416\">Podemos recopilar la siguiente informaci\u00f3n cuando realiza un pedido o se registra en nuestro sitio:<\/p><ul data-start=\"417\" data-end=\"531\"><li class=\"\" data-start=\"417\" data-end=\"430\"><p class=\"\" data-start=\"419\" data-end=\"430\">Nombre completo<\/p><\/li><li class=\"\" data-start=\"431\" data-end=\"451\"><p class=\"\" data-start=\"433\" data-end=\"451\">Direcci\u00f3n de env\u00edo<\/p><\/li><li class=\"\" data-start=\"452\" data-end=\"469\"><p class=\"\" data-start=\"454\" data-end=\"469\">Direcci\u00f3n de correo electr\u00f3nico<\/p><\/li><li class=\"\" data-start=\"470\" data-end=\"486\"><p class=\"\" data-start=\"472\" data-end=\"486\">N\u00famero de tel\u00e9fono<\/p><\/li><li class=\"\" data-start=\"487\" data-end=\"531\"><p class=\"\" data-start=\"489\" data-end=\"531\">Informaci\u00f3n de pago (segura y encriptada)<\/p><\/li><\/ul>                                                    <\/div>\n                                            <div class=\"chawkbazar-privacy-policy-content-single\" id=\"privacy_policy__2_015aa91\">\n                                                            <h2 id=\"how-we-use-your-information\" class=\"chawkbazar-privacy-policy-title\">C\u00f3mo usamos su informaci\u00f3n<\/h2>\n                                                                                        <p class=\"\" data-start=\"573\" data-end=\"602\">Utilizamos sus datos personales para:<\/p><ul data-start=\"603\" data-end=\"751\"><li class=\"\" data-start=\"603\" data-end=\"635\"><p class=\"\" data-start=\"605\" data-end=\"635\">Procesar y enviar sus pedidos<\/p><\/li><li class=\"\" data-start=\"636\" data-end=\"664\"><p class=\"\" data-start=\"638\" data-end=\"664\">Nos pondremos en contacto con usted si es necesario<\/p><\/li><li class=\"\" data-start=\"665\" data-end=\"701\"><p class=\"\" data-start=\"667\" data-end=\"701\">Enviar actualizaciones sobre tu compra<\/p><\/li><li class=\"\" data-start=\"702\" data-end=\"751\"><p class=\"\" data-start=\"704\" data-end=\"751\">Compartir ofertas promocionales (solo si has optado por ello)<\/p><\/li><\/ul>                                                    <\/div>\n                                            <div class=\"chawkbazar-privacy-policy-content-single\" id=\"privacy_policy__3_015aa91\">\n                                                            <h2 id=\"information-security\" class=\"chawkbazar-privacy-policy-title\">Seguridad de la informaci\u00f3n<\/h2>\n                                                                                        <p class=\"\" data-start=\"327\" data-end=\"416\">Tomamos las medidas necesarias para proteger sus datos personales. No compartimos su informaci\u00f3n con terceros, excepto cuando sea necesario para completar su pedido (por ejemplo, con empresas de transporte).<\/p>                                                    <\/div>\n                                            <div class=\"chawkbazar-privacy-policy-content-single\" id=\"privacy_policy__4_015aa91\">\n                                                            <h2 id=\"cookies\" class=\"chawkbazar-privacy-policy-title\">Galletas<\/h2>\n                                                                                        <p class=\"\" data-start=\"327\" data-end=\"416\">Nuestro sitio web utiliza cookies para mejorar su experiencia de navegaci\u00f3n y analizar el tr\u00e1fico. Puede desactivar las cookies a trav\u00e9s de la configuraci\u00f3n de su navegador.<\/p>                                                    <\/div>\n                                            <div class=\"chawkbazar-privacy-policy-content-single\" id=\"privacy_policy__5_015aa91\">\n                                                            <h2 id=\"your-rights\" class=\"chawkbazar-privacy-policy-title\">Sus derechos<\/h2>\n                                                                                        <p class=\"\" data-start=\"327\" data-end=\"416\">Puede solicitar acceso, correcci\u00f3n o eliminaci\u00f3n de sus datos personales en cualquier momento comunic\u00e1ndose con nosotros en<\/p>                                                    <\/div>\n                                            <div class=\"chawkbazar-privacy-policy-content-single\" id=\"privacy_policy__6_015aa91\">\n                                                            <h2 id=\"changes-to-this-policy\" class=\"chawkbazar-privacy-policy-title\">Cambios a esta pol\u00edtica<\/h2>\n                                                                                        <p class=\"\" data-start=\"327\" data-end=\"416\">Nos reservamos el derecho de modificar esta pol\u00edtica de privacidad en cualquier momento. Las actualizaciones se publicar\u00e1n en esta p\u00e1gina.<\/p>                                                    <\/div>\n                                    <\/div>\n            <\/div>\n        <\/div>\n\t\t\t\t<\/div>\n\t\t\t\t<\/div>\n\t\t\t\t\t<\/div>\n\t\t<\/div>\n\t\t\t\t\t<\/div>\n\t\t<\/section>\n\t\t\t\t<\/div>","protected":false},"excerpt":{"rendered":"","protected":false},"author":1,"featured_media":0,"parent":0,"menu_order":15,"comment_status":"closed","ping_status":"closed","template":"elementor_header_footer","meta":{"_joinchat":[],"footnotes":""},"class_list":["post-2604","page","type-page","status-publish","hentry"],"_links":{"self":[{"href":"http:\/\/richardparis.org\/es\/wp-json\/wp\/v2\/pages\/2604","targetHints":{"allow":["GET"]}}],"collection":[{"href":"http:\/\/richardparis.org\/es\/wp-json\/wp\/v2\/pages"}],"about":[{"href":"http:\/\/richardparis.org\/es\/wp-json\/wp\/v2\/types\/page"}],"author":[{"embeddable":true,"href":"http:\/\/richardparis.org\/es\/wp-json\/wp\/v2\/users\/1"}],"replies":[{"embeddable":true,"href":"http:\/\/richardparis.org\/es\/wp-json\/wp\/v2\/comments?post=2604"}],"version-history":[{"count":0,"href":"http:\/\/richardparis.org\/es\/wp-json\/wp\/v2\/pages\/2604\/revisions"}],"wp:attachment":[{"href":"http:\/\/richardparis.org\/es\/wp-json\/wp\/v2\/media?parent=2604"}],"curies":[{"name":"wp","href":"https:\/\/api.w.org\/{rel}","templated":true}]}}